{"id":467,"date":"2022-09-29T07:21:08","date_gmt":"2022-09-29T07:21:08","guid":{"rendered":"https:\/\/gameonproject.eu\/consortium\/"},"modified":"2022-11-04T11:08:59","modified_gmt":"2022-11-04T11:08:59","slug":"consortium","status":"publish","type":"page","link":"https:\/\/gameonproject.eu\/es\/consortium\/","title":{"rendered":"Consorcio"},"content":{"rendered":"<p>[et_pb_section fb_built=\u00bb1&#8243; _builder_version=\u00bb4.17.4&#8243; _module_preset=\u00bbdefault\u00bb background_color=\u00bb#404899&#8243; use_background_color_gradient=\u00bbon\u00bb background_color_gradient_direction=\u00bb145deg\u00bb background_color_gradient_stops=\u00bb#404899 74%|#ffffff 74%\u00bb custom_padding=\u00bb17px||17px||true|\u00bb saved_tabs=\u00bball\u00bb global_colors_info=\u00bb{}\u00bb][et_pb_row _builder_version=\u00bb4.17.4&#8243; _module_preset=\u00bbdefault\u00bb global_colors_info=\u00bb{}\u00bb][et_pb_column type=\u00bb4_4&#8243; _builder_version=\u00bb4.17.4&#8243; _module_preset=\u00bbdefault\u00bb global_colors_info=\u00bb{}\u00bb][et_pb_post_title meta=\u00bboff\u00bb featured_image=\u00bboff\u00bb _builder_version=\u00bb4.17.4&#8243; _module_preset=\u00bbdefault\u00bb title_font=\u00bbRubik||on||||||\u00bb title_text_color=\u00bb#FFFFFF\u00bb title_font_size=\u00bb60px\u00bb title_font_size_tablet=\u00bb50px\u00bb title_font_size_phone=\u00bb33px\u00bb title_font_size_last_edited=\u00bbon|tablet\u00bb global_colors_info=\u00bb{}\u00bb][\/et_pb_post_title][\/et_pb_column][\/et_pb_row][\/et_pb_section][et_pb_section fb_built=\u00bb1&#8243; admin_label=\u00bbHeader\u00bb _builder_version=\u00bb4.17.4&#8243; _module_preset=\u00bbdefault\u00bb locked=\u00bboff\u00bb global_colors_info=\u00bb{}\u00bb][et_pb_row column_structure=\u00bb1_3,2_3&#8243; _builder_version=\u00bb4.17.4&#8243; _module_preset=\u00bbdefault\u00bb global_colors_info=\u00bb{}\u00bb][et_pb_column type=\u00bb1_3&#8243; _builder_version=\u00bb4.17.4&#8243; _module_preset=\u00bbdefault\u00bb global_colors_info=\u00bb{}\u00bb][et_pb_image src=\u00bbhttps:\/\/gameonproject.eu\/wp-content\/uploads\/iberika-logo.png\u00bb title_text=\u00bbiberika-logo\u00bb _builder_version=\u00bb4.17.4&#8243; _module_preset=\u00bbdefault\u00bb width=\u00bb77%\u00bb module_alignment=\u00bbcenter\u00bb global_colors_info=\u00bb{}\u00bb][\/et_pb_image][\/et_pb_column][et_pb_column type=\u00bb2_3&#8243; _builder_version=\u00bb4.17.4&#8243; _module_preset=\u00bbdefault\u00bb global_colors_info=\u00bb{}\u00bb][et_pb_blurb title=\u00bbIBERIKA EDUCATION GROUP GGMBH \u2013 ALEMANIA\u00bb content_max_width=\u00bb100%\u00bb _builder_version=\u00bb4.17.4&#8243; _module_preset=\u00bbdefault\u00bb header_font=\u00bbRubik||on||||||\u00bb header_text_color=\u00bb#404899&#8243; body_link_font=\u00bb||on||on||||\u00bb body_link_text_color=\u00bb#8EBF27&#8243; width=\u00bb85%\u00bb custom_padding=\u00bb||50px||false|false\u00bb border_width_bottom=\u00bb10px\u00bb border_color_bottom=\u00bb#8EBF27&#8243; border_style_bottom=\u00bbdouble\u00bb global_colors_info=\u00bb{}\u00bb]<\/p>\n<p>Iberika education group gGmbH es un proveedor privado de educaci\u00f3n para personas adultas sin \u00e1nimo de lucro fundado en Berl\u00edn en 1996. Su principal objetivo es promover la educaci\u00f3n, la actitud internacional y la tolerancia en todos los campos de la cultura, a trav\u00e9s de la organizaci\u00f3n y realizaci\u00f3n de cursos, seminarios, talleres, encuentros, exposiciones, actuaciones y debates p\u00fablicos en las \u00e1reas de nuevos m\u00e9todos de ense\u00f1anza\/aprendizaje, as\u00ed como estrategias de motivaci\u00f3n para formadores y alumnos. Uno de sus pilares es el desarrollo y la aplicaci\u00f3n de las nuevas tendencias ling\u00fc\u00edsticas y los planes de estudio basados en la tecnolog\u00eda.<\/p>\n<p><a href=\"http:\/\/www.iberika.de\" target=\"_blank\" rel=\"noopener\"><strong><em>www.iberika.de<\/em><\/strong><\/a><\/p>\n<p>[\/et_pb_blurb][\/et_pb_column][\/et_pb_row][et_pb_row column_structure=\u00bb1_3,2_3&#8243; _builder_version=\u00bb4.17.4&#8243; _module_preset=\u00bbdefault\u00bb global_colors_info=\u00bb{}\u00bb][et_pb_column type=\u00bb1_3&#8243; _builder_version=\u00bb4.17.4&#8243; _module_preset=\u00bbdefault\u00bb global_colors_info=\u00bb{}\u00bb][et_pb_image src=\u00bbhttps:\/\/gameonproject.eu\/wp-content\/uploads\/idec-logo.png\u00bb title_text=\u00bbidec-logo\u00bb align=\u00bbcenter\u00bb _builder_version=\u00bb4.17.4&#8243; _module_preset=\u00bbdefault\u00bb module_alignment=\u00bbcenter\u00bb global_colors_info=\u00bb{}\u00bb][\/et_pb_image][\/et_pb_column][et_pb_column type=\u00bb2_3&#8243; _builder_version=\u00bb4.17.4&#8243; _module_preset=\u00bbdefault\u00bb global_colors_info=\u00bb{}\u00bb][et_pb_blurb title=\u00bbIDEC (TRAINING CONSULTING COMPANY ) \u2013 GRECIA\u00a0\u00bb content_max_width=\u00bb100%\u00bb _builder_version=\u00bb4.17.4&#8243; _module_preset=\u00bbdefault\u00bb header_font=\u00bbRubik||on||||||\u00bb header_text_color=\u00bb#404899&#8243; body_link_font=\u00bb|600|on||on||||\u00bb body_link_text_color=\u00bb#8EBF27&#8243; width=\u00bb85%\u00bb custom_padding=\u00bb||50px||false|false\u00bb border_width_bottom=\u00bb10px\u00bb border_color_bottom=\u00bb#8EBF27&#8243; border_style_bottom=\u00bbdouble\u00bb global_colors_info=\u00bb{}\u00bb]<\/p>\n<p>IDEC es una empresa de consultor\u00eda de formaci\u00f3n situada en El Pireo, Grecia. Sus actividades consisten en la formaci\u00f3n, la consultor\u00eda de gesti\u00f3n, la garant\u00eda de calidad, la evaluaci\u00f3n y el desarrollo de soluciones TIC tanto para el sector privado como para el p\u00fablico. Los clientes de la IDEC son tanto PYMES como las mayores empresas griegas de una gran variedad de sectores. Coopera con m\u00e1s de 800 institutos en toda Europa y con unos 300 expertos en campos espec\u00edficos.<\/p>\n<p>IDEC tiene una amplia experiencia en proyectos europeos, ya sea como coordinador o como socio de diferentes programas e iniciativas europeas. En los \u00faltimos 18 a\u00f1os la IDEC se ha ocupado del tema de la garant\u00eda de calidad en la formaci\u00f3n y ha coordinado los proyectos EQUAL, Quality.net, BEQUAL y QUADRAT en el mismo tema. Adem\u00e1s, la IDEC tiene experiencia de consultor\u00eda en el desarrollo de sistemas de gesti\u00f3n de la calidad en los centros de formaci\u00f3n griegos.<\/p>\n<p>Ha sido acreditado como centro de aprendizaje permanente y organiza cursos de formaci\u00f3n continua para profesores y formadores, visitas de estudio y actividades de aprendizaje informal para estudiantes de educaci\u00f3n y formaci\u00f3n inicial y ofrece cursos de formaci\u00f3n y pr\u00e1cticas para estudiantes de formaci\u00f3n profesional y personas en el mercado laboral.<\/p>\n<p><a href=\"http:\/\/www.idec.gr\" target=\"_blank\" rel=\"noopener\">www.idec.gr<\/a><\/p>\n<p>[\/et_pb_blurb][\/et_pb_column][\/et_pb_row][et_pb_row column_structure=\u00bb1_3,2_3&#8243; _builder_version=\u00bb4.17.4&#8243; _module_preset=\u00bbdefault\u00bb global_colors_info=\u00bb{}\u00bb][et_pb_column type=\u00bb1_3&#8243; _builder_version=\u00bb4.17.4&#8243; _module_preset=\u00bbdefault\u00bb global_colors_info=\u00bb{}\u00bb][et_pb_image src=\u00bbhttps:\/\/gameonproject.eu\/wp-content\/uploads\/CSC-Logo.png\u00bb title_text=\u00bbCSC-Logo\u00bb align=\u00bbcenter\u00bb _builder_version=\u00bb4.17.4&#8243; _module_preset=\u00bbdefault\u00bb width=\u00bb77%\u00bb module_alignment=\u00bbcenter\u00bb global_colors_info=\u00bb{}\u00bb][\/et_pb_image][\/et_pb_column][et_pb_column type=\u00bb2_3&#8243; _builder_version=\u00bb4.17.4&#8243; _module_preset=\u00bbdefault\u00bb global_colors_info=\u00bb{}\u00bb][et_pb_blurb title=\u00bbCENTRO PER LO SVILUPPO CREATIVO DANILO DOLCI (CSC) \u2013 ITALIA\u00bb content_max_width=\u00bb100%\u00bb _builder_version=\u00bb4.17.4&#8243; _module_preset=\u00bbdefault\u00bb header_font=\u00bbRubik||on||||||\u00bb header_text_color=\u00bb#404899&#8243; body_link_font=\u00bb|600|on||on||||\u00bb body_link_text_color=\u00bb#8EBF27&#8243; width=\u00bb85%\u00bb custom_padding=\u00bb||50px||false|false\u00bb border_width_bottom=\u00bb10px\u00bb border_color_bottom=\u00bb#8EBF27&#8243; border_style_bottom=\u00bbdouble\u00bb global_colors_info=\u00bb{}\u00bb]<\/p>\n<p>CSC Danilo Dolci es una organizaci\u00f3n sin \u00e1nimo de lucro situada en Palermo, Italia, fundada en 1958 por Danilo Dolci, activista social, soci\u00f3logo, pacifista y educador. CSC trabaja principalmente en el sector educativo y tiene varias colaboraciones con escuelas, universidades, instituciones, asociaciones y grupos sociales, tanto a nivel local como internacional, centr\u00e1ndose en dos pilares principales, el desarrollo local y la creatividad.<\/p>\n<p><a href=\"http:\/\/www.danilodolci.org\" target=\"_blank\" rel=\"noopener\">www.danilodolci.org<\/a><\/p>\n<p>[\/et_pb_blurb][\/et_pb_column][\/et_pb_row][et_pb_row column_structure=\u00bb1_3,2_3&#8243; _builder_version=\u00bb4.17.4&#8243; _module_preset=\u00bbdefault\u00bb global_colors_info=\u00bb{}\u00bb][et_pb_column type=\u00bb1_3&#8243; _builder_version=\u00bb4.17.4&#8243; _module_preset=\u00bbdefault\u00bb global_colors_info=\u00bb{}\u00bb][et_pb_image src=\u00bbhttps:\/\/gameonproject.eu\/wp-content\/uploads\/logo_famylias.png\u00bb title_text=\u00bblogo_famylias\u00bb align=\u00bbcenter\u00bb _builder_version=\u00bb4.17.4&#8243; _module_preset=\u00bbdefault\u00bb width=\u00bb75%\u00bb module_alignment=\u00bbcenter\u00bb global_colors_info=\u00bb{}\u00bb][\/et_pb_image][\/et_pb_column][et_pb_column type=\u00bb2_3&#8243; _builder_version=\u00bb4.17.4&#8243; _module_preset=\u00bbdefault\u00bb global_colors_info=\u00bb{}\u00bb][et_pb_blurb title=\u00bbFAM Y LIAS. RECURSOS PARA LA DIVERSIDAD. SOCIEDAD COOPERATIVA (Famylias) \u2013 ESPA\u00d1A\u00a0\u00bb content_max_width=\u00bb100%\u00bb _builder_version=\u00bb4.17.4&#8243; _module_preset=\u00bbdefault\u00bb header_font=\u00bbRubik||on||||||\u00bb header_text_color=\u00bb#404899&#8243; body_link_font=\u00bb|600|on||on||||\u00bb body_link_text_color=\u00bb#8EBF27&#8243; width=\u00bb85%\u00bb custom_padding=\u00bb||50px||false|false\u00bb border_width_bottom=\u00bb10px\u00bb border_color_bottom=\u00bb#8EBF27&#8243; border_style_bottom=\u00bbdouble\u00bb global_colors_info=\u00bb{}\u00bb]<\/p>\n<p>FAM Y LIAS es una cooperativa sin \u00e1nimo de lucro que opera en Madrid y en Espa\u00f1a cuyo principal objetivo es contribuir a la visibilidad de la diversidad en todos los \u00e1mbitos de la vida como fuente de riqueza.\u00a0<\/p>\n<p>Queremos una sociedad m\u00e1s equitativa y sostenible que valore la diversidad en todos los \u00e1mbitos de la vida; y personas aut\u00f3nomas, equitativas y solidarias que valoren la construcci\u00f3n colectiva y contribuyan a ella.<\/p>\n<p>FAM Y LIAS trabaja en diferentes \u00e1reas, siempre relacionadas con el desarrollo social como son: la gesti\u00f3n de proyectos sociales (Desarrollo de contenidos curriculares e innovaci\u00f3n metodol\u00f3gica), la creaci\u00f3n y gesti\u00f3n del conocimiento, y la Innovaci\u00f3n Social, incluyendo el empoderamiento de los migrantes y de las personas en situaci\u00f3n de vulnerabilidad.<\/p>\n<p>FAM Y LIAS tambi\u00e9n es muy activa cooperando con otras entidades y organizaciones, y ha promovido varias cooperativas de trabajo en Madrid. Dan apoyo en todas las etapas de creaci\u00f3n de las cooperativas, hasta que son capaces de sostenerse por s\u00ed mismas.<\/p>\n<p><a href=\"http:\/\/www.famylias.org\" target=\"_blank\" rel=\"noopener\">famylias.org<\/a><\/p>\n<p>[\/et_pb_blurb][\/et_pb_column][\/et_pb_row][et_pb_row column_structure=\u00bb1_3,2_3&#8243; _builder_version=\u00bb4.17.4&#8243; _module_preset=\u00bbdefault\u00bb global_colors_info=\u00bb{}\u00bb][et_pb_column type=\u00bb1_3&#8243; _builder_version=\u00bb4.17.4&#8243; _module_preset=\u00bbdefault\u00bb global_colors_info=\u00bb{}\u00bb][et_pb_image src=\u00bbhttps:\/\/gameonproject.eu\/wp-content\/uploads\/elan-logo.png\u00bb title_text=\u00bbelan-logo\u00bb _builder_version=\u00bb4.17.4&#8243; _module_preset=\u00bbdefault\u00bb width=\u00bb77%\u00bb module_alignment=\u00bbcenter\u00bb global_colors_info=\u00bb{}\u00bb][\/et_pb_image][\/et_pb_column][et_pb_column type=\u00bb2_3&#8243; _builder_version=\u00bb4.17.4&#8243; _module_preset=\u00bbdefault\u00bb global_colors_info=\u00bb{}\u00bb][et_pb_blurb title=\u00bbELAN INTERCULTUREL (Elan) &#8211; FRANCIA\u00a0\u00bb content_max_width=\u00bb100%\u00bb _builder_version=\u00bb4.18.0&#8243; _module_preset=\u00bbdefault\u00bb header_font=\u00bbRubik||on||||||\u00bb header_text_color=\u00bb#404899&#8243; body_link_font=\u00bb|600|on||on||||\u00bb body_link_text_color=\u00bb#8EBF27&#8243; width=\u00bb85%\u00bb custom_padding=\u00bb||50px||false|false\u00bb hover_enabled=\u00bb0&#8243; border_width_bottom=\u00bb10px\u00bb border_color_bottom=\u00bb#8EBF27&#8243; border_style_bottom=\u00bbdouble\u00bb global_colors_info=\u00bb{}\u00bb sticky_enabled=\u00bb0&#8243;]<\/p>\n<p>ELAN INTERCULTUREL es una asociaci\u00f3n creada por un grupo de profesionales interesados en los retos del encuentro y la convivencia intercultural. El objetivo de nuestra asociaci\u00f3n es contribuir al di\u00e1logo intercultural para una mejor experiencia de la diversidad cultural.\u00a0\u00a0<\/p>\n<p>Como laboratorio de metodolog\u00edas interculturales la misi\u00f3n de \u00e9lan interculturel es promover una visi\u00f3n hol\u00edstica de la cultura (psicol\u00f3gica y socio-antropol\u00f3gica) y proponer una pedagog\u00eda innovadora para abrir la reflexi\u00f3n y desarrollar habilidades y competencias para el di\u00e1logo intercultural. Para contribuir a una sociedad m\u00e1s intercultural, participamos en proyectos de cooperaci\u00f3n internacional cuyo objetivo es desarrollar nuevas metodolog\u00edas pedag\u00f3gicas que puedan utilizarse en diversos cursos de formaci\u00f3n adaptados a diferentes p\u00fablicos (trabajadores sociales, educadores, docentes, profesionales de la salud, etc.). Como organizaci\u00f3n de formaci\u00f3n, utilizamos m\u00e9todos de ense\u00f1anza interactivos y pedagog\u00edas no formales (aplicando la literatura, el teatro, la improvisaci\u00f3n, el arte) que ofrecen experiencias de aprendizaje creativas, accesibles y motivadoras.\u00a0<\/p>\n<p>Aunque Elan Interculturel no es una organizaci\u00f3n que imparta directamente cursos de idiomas, la asociaci\u00f3n ha participado en cerca de 10 proyectos europeos para desarrollar actividades y herramientas que enriquezcan el bagaje pedag\u00f3gico de los profesores y proporcionen un apoyo adaptado a las especificidades de su p\u00fablico.<\/p>\n<p><a href=\"http:\/\/www.elaninterculturel.com\" target=\"_blank\" rel=\"noopener\"><em>www.elaninterculturel.com<\/em><\/a><\/p>\n<p>[\/et_pb_blurb][\/et_pb_column][\/et_pb_row][\/et_pb_section]<\/p>\n","protected":false},"excerpt":{"rendered":"<p>Iberika education group gGmbH es un proveedor privado de educaci\u00f3n para personas adultas sin \u00e1nimo de lucro fundado en Berl\u00edn en 1996. Su principal objetivo es promover la educaci\u00f3n, la actitud internacional y la tolerancia en todos los campos de la cultura, a trav\u00e9s de la organizaci\u00f3n y realizaci\u00f3n de cursos, seminarios, talleres, encuentros, exposiciones, [&hellip;]<\/p>\n","protected":false},"author":1,"featured_media":0,"parent":0,"menu_order":0,"comment_status":"closed","ping_status":"closed","template":"","meta":{"_et_pb_use_builder":"on","_et_pb_old_content":"","_et_gb_content_width":"","footnotes":""},"class_list":["post-467","page","type-page","status-publish","hentry"],"_links":{"self":[{"href":"https:\/\/gameonproject.eu\/es\/wp-json\/wp\/v2\/pages\/467","targetHints":{"allow":["GET"]}}],"collection":[{"href":"https:\/\/gameonproject.eu\/es\/wp-json\/wp\/v2\/pages"}],"about":[{"href":"https:\/\/gameonproject.eu\/es\/wp-json\/wp\/v2\/types\/page"}],"author":[{"embeddable":true,"href":"https:\/\/gameonproject.eu\/es\/wp-json\/wp\/v2\/users\/1"}],"replies":[{"embeddable":true,"href":"https:\/\/gameonproject.eu\/es\/wp-json\/wp\/v2\/comments?post=467"}],"version-history":[{"count":2,"href":"https:\/\/gameonproject.eu\/es\/wp-json\/wp\/v2\/pages\/467\/revisions"}],"predecessor-version":[{"id":574,"href":"https:\/\/gameonproject.eu\/es\/wp-json\/wp\/v2\/pages\/467\/revisions\/574"}],"wp:attachment":[{"href":"https:\/\/gameonproject.eu\/es\/wp-json\/wp\/v2\/media?parent=467"}],"curies":[{"name":"wp","href":"https:\/\/api.w.org\/{rel}","templated":true}]}}